{"id":1324,"date":"2020-10-05T10:03:36","date_gmt":"2020-10-05T10:03:36","guid":{"rendered":"https:\/\/kad.al\/?post_type=product&#038;p=1324"},"modified":"2025-07-07T08:36:43","modified_gmt":"2025-07-07T08:36:43","slug":"1324","status":"publish","type":"product","link":"https:\/\/kad.al\/index.php\/product\/1324\/","title":{"rendered":""},"content":{"rendered":"","protected":false},"excerpt":{"rendered":"<p><strong>DURR\u00cbSI CIVILIZIM 3000 VJE\u00c7AR<\/strong><\/p>\n<p>&nbsp;<\/p>\n<p>ISBN 978-9928&#8211;416 &#8211; 43 -8<\/p>\n<p>\u00c7mimi 400 Lek\u00eb<\/p>\n<p>N\u00eb k\u00ebt\u00eb lib\u00ebr gjenden t\u00eb dh\u00ebna historike mbi qytetin e Durr\u00ebsit<\/p>\n","protected":false},"featured_media":1325,"template":"","meta":[],"product_brand":[],"product_cat":[22],"product_tag":[],"class_list":{"0":"post-1324","1":"product","2":"type-product","3":"status-publish","4":"has-post-thumbnail","6":"product_cat-histori","7":"description-off","9":"first","10":"instock","11":"shipping-taxable","12":"product-type-simple"},"_links":{"self":[{"href":"https:\/\/kad.al\/index.php\/wp-json\/wp\/v2\/product\/1324","targetHints":{"allow":["GET"]}}],"collection":[{"href":"https:\/\/kad.al\/index.php\/wp-json\/wp\/v2\/product"}],"about":[{"href":"https:\/\/kad.al\/index.php\/wp-json\/wp\/v2\/types\/product"}],"wp:featuredmedia":[{"embeddable":true,"href":"https:\/\/kad.al\/index.php\/wp-json\/wp\/v2\/media\/1325"}],"wp:attachment":[{"href":"https:\/\/kad.al\/index.php\/wp-json\/wp\/v2\/media?parent=1324"}],"wp:term":[{"taxonomy":"product_brand","embeddable":true,"href":"https:\/\/kad.al\/index.php\/wp-json\/wp\/v2\/product_brand?post=1324"},{"taxonomy":"product_cat","embeddable":true,"href":"https:\/\/kad.al\/index.php\/wp-json\/wp\/v2\/product_cat?post=1324"},{"taxonomy":"product_tag","embeddable":true,"href":"https:\/\/kad.al\/index.php\/wp-json\/wp\/v2\/product_tag?post=1324"}],"curies":[{"name":"wp","href":"https:\/\/api.w.org\/{rel}","templated":true}]}}