{"id":1314,"date":"2020-09-11T07:42:10","date_gmt":"2020-09-11T07:42:10","guid":{"rendered":"https:\/\/kad.al\/?post_type=product&#038;p=1314"},"modified":"2020-09-14T06:28:23","modified_gmt":"2020-09-14T06:28:23","slug":"1314","status":"publish","type":"product","link":"https:\/\/kad.al\/index.php\/product\/1314\/","title":{"rendered":""},"content":{"rendered":"","protected":false},"excerpt":{"rendered":"<p><b>SKULPTURAT E MUZEUT ARKEOLOGJIK T\u00cb DURR\u00cbSIT<\/b><\/p>\n<p><i>Hava Hidri<\/i><\/p>\n<p>ISBN 978-9928-416-42-1<\/p>\n<p>\u00c7mimi 400 Lek\u00eb \/ 3\u00a0\u20ac<\/p>\n<p>N\u00eb k\u00ebt\u00eb album t\u00eb vog\u00ebl jepet nj\u00eb p\u00ebrshkrim i detajuar i skulpturave antike n\u00eb muzeun e Durr\u00ebsit.<\/p>\n","protected":false},"featured_media":1313,"template":"","meta":[],"product_brand":[],"product_cat":[26],"product_tag":[],"class_list":{"0":"post-1314","1":"product","2":"type-product","3":"status-publish","4":"has-post-thumbnail","6":"product_cat-fjalore-albume","7":"description-off","9":"first","10":"instock","11":"shipping-taxable","12":"product-type-simple"},"_links":{"self":[{"href":"https:\/\/kad.al\/index.php\/wp-json\/wp\/v2\/product\/1314","targetHints":{"allow":["GET"]}}],"collection":[{"href":"https:\/\/kad.al\/index.php\/wp-json\/wp\/v2\/product"}],"about":[{"href":"https:\/\/kad.al\/index.php\/wp-json\/wp\/v2\/types\/product"}],"wp:featuredmedia":[{"embeddable":true,"href":"https:\/\/kad.al\/index.php\/wp-json\/wp\/v2\/media\/1313"}],"wp:attachment":[{"href":"https:\/\/kad.al\/index.php\/wp-json\/wp\/v2\/media?parent=1314"}],"wp:term":[{"taxonomy":"product_brand","embeddable":true,"href":"https:\/\/kad.al\/index.php\/wp-json\/wp\/v2\/product_brand?post=1314"},{"taxonomy":"product_cat","embeddable":true,"href":"https:\/\/kad.al\/index.php\/wp-json\/wp\/v2\/product_cat?post=1314"},{"taxonomy":"product_tag","embeddable":true,"href":"https:\/\/kad.al\/index.php\/wp-json\/wp\/v2\/product_tag?post=1314"}],"curies":[{"name":"wp","href":"https:\/\/api.w.org\/{rel}","templated":true}]}}