{"id":1261,"date":"2020-09-05T08:02:59","date_gmt":"2020-09-05T08:02:59","guid":{"rendered":"https:\/\/kad.al\/?post_type=product&#038;p=1261"},"modified":"2025-07-07T08:35:55","modified_gmt":"2025-07-07T08:35:55","slug":"1261","status":"publish","type":"product","link":"https:\/\/kad.al\/index.php\/product\/1261\/","title":{"rendered":""},"content":{"rendered":"","protected":false},"excerpt":{"rendered":"<p><strong>\u00a0HISTORIA E TREV\u00cbS S\u00cb KAVAJ\u00cbS I<\/strong><\/p>\n<p><em>Xhaferr Xhihani<\/em><\/p>\n<p>ISBN 978-9928&#8211;317 &#8211; 28 -5<\/p>\n<p>\u00c7mimi 1000 Lek\u00eb<\/p>\n<p>Faqe 528 me ilustrime<\/p>\n<p>Histori e trev\u00ebs s\u00eb Kavaj\u00ebs nga lasht\u00ebsia deri n\u00eb vitin 1939<\/p>\n","protected":false},"featured_media":1262,"template":"","meta":[],"product_brand":[],"product_cat":[22],"product_tag":[],"class_list":{"0":"post-1261","1":"product","2":"type-product","3":"status-publish","4":"has-post-thumbnail","6":"product_cat-histori","7":"description-off","9":"first","10":"instock","11":"shipping-taxable","12":"product-type-simple"},"_links":{"self":[{"href":"https:\/\/kad.al\/index.php\/wp-json\/wp\/v2\/product\/1261","targetHints":{"allow":["GET"]}}],"collection":[{"href":"https:\/\/kad.al\/index.php\/wp-json\/wp\/v2\/product"}],"about":[{"href":"https:\/\/kad.al\/index.php\/wp-json\/wp\/v2\/types\/product"}],"wp:featuredmedia":[{"embeddable":true,"href":"https:\/\/kad.al\/index.php\/wp-json\/wp\/v2\/media\/1262"}],"wp:attachment":[{"href":"https:\/\/kad.al\/index.php\/wp-json\/wp\/v2\/media?parent=1261"}],"wp:term":[{"taxonomy":"product_brand","embeddable":true,"href":"https:\/\/kad.al\/index.php\/wp-json\/wp\/v2\/product_brand?post=1261"},{"taxonomy":"product_cat","embeddable":true,"href":"https:\/\/kad.al\/index.php\/wp-json\/wp\/v2\/product_cat?post=1261"},{"taxonomy":"product_tag","embeddable":true,"href":"https:\/\/kad.al\/index.php\/wp-json\/wp\/v2\/product_tag?post=1261"}],"curies":[{"name":"wp","href":"https:\/\/api.w.org\/{rel}","templated":true}]}}