{"id":1249,"date":"2020-08-26T10:51:21","date_gmt":"2020-08-26T10:51:21","guid":{"rendered":"https:\/\/kad.al\/?post_type=product&#038;p=1249"},"modified":"2020-08-26T11:09:38","modified_gmt":"2020-08-26T11:09:38","slug":"1249","status":"publish","type":"product","link":"https:\/\/kad.al\/index.php\/product\/1249\/","title":{"rendered":""},"content":{"rendered":"","protected":false},"excerpt":{"rendered":"<p><b>BASKETBOLLI DURRSAK ND\u00cbR VITE &#8220;LOKOMOTIVA&#8221;<\/b><\/p>\n<p><i>Ilia Xhako<\/i><\/p>\n<p>ISBN 978-9928-317-35-3<\/p>\n<p>\u00c7mimi 1000 Lek\u00eb \/ 10 \u20ac<\/p>\n<p>Ky album p\u00ebrmbledh foto nga formimi i skuadrave t\u00eb para t\u00eb basketbollit n\u00eb Durr\u00ebs, deri n\u00eb dit\u00ebt tona<\/p>\n","protected":false},"featured_media":1252,"template":"","meta":[],"product_brand":[],"product_cat":[26],"product_tag":[],"class_list":{"0":"post-1249","1":"product","2":"type-product","3":"status-publish","4":"has-post-thumbnail","6":"product_cat-fjalore-albume","7":"description-off","9":"first","10":"instock","11":"shipping-taxable","12":"product-type-simple"},"_links":{"self":[{"href":"https:\/\/kad.al\/index.php\/wp-json\/wp\/v2\/product\/1249","targetHints":{"allow":["GET"]}}],"collection":[{"href":"https:\/\/kad.al\/index.php\/wp-json\/wp\/v2\/product"}],"about":[{"href":"https:\/\/kad.al\/index.php\/wp-json\/wp\/v2\/types\/product"}],"wp:featuredmedia":[{"embeddable":true,"href":"https:\/\/kad.al\/index.php\/wp-json\/wp\/v2\/media\/1252"}],"wp:attachment":[{"href":"https:\/\/kad.al\/index.php\/wp-json\/wp\/v2\/media?parent=1249"}],"wp:term":[{"taxonomy":"product_brand","embeddable":true,"href":"https:\/\/kad.al\/index.php\/wp-json\/wp\/v2\/product_brand?post=1249"},{"taxonomy":"product_cat","embeddable":true,"href":"https:\/\/kad.al\/index.php\/wp-json\/wp\/v2\/product_cat?post=1249"},{"taxonomy":"product_tag","embeddable":true,"href":"https:\/\/kad.al\/index.php\/wp-json\/wp\/v2\/product_tag?post=1249"}],"curies":[{"name":"wp","href":"https:\/\/api.w.org\/{rel}","templated":true}]}}