{"id":1237,"date":"2020-08-20T13:17:32","date_gmt":"2020-08-20T13:17:32","guid":{"rendered":"https:\/\/kad.al\/?post_type=product&#038;p=1237"},"modified":"2025-07-07T08:34:48","modified_gmt":"2025-07-07T08:34:48","slug":"1237","status":"publish","type":"product","link":"https:\/\/kad.al\/index.php\/product\/1237\/","title":{"rendered":""},"content":{"rendered":"","protected":false},"excerpt":{"rendered":"<p><strong>ENCIKLOPEDI E HISTORIS\u00cb S\u00cb BOT\u00cbS &#8211; I<\/strong><\/p>\n<p><strong><em>John Edward Bowle<\/em><\/strong><\/p>\n<p>ISBN 978-9928-317-36-0<\/p>\n<p>\u00c7mimi 1500 Lek\u00eb<\/p>\n<p>Faqe 448<\/p>\n<p>P\u00ebrktheu Laz\u00ebr Radi<\/p>\n<p>\u201cEnciklopedia e Historis\u00eb s\u00eb Bot\u00ebs\u201d, \u00ebsht\u00eb p\u00ebrmbledhje studimesh nga bashkautor\u00eb t\u00eb ndrysh\u00ebm, historian\u00eb e profesor\u00eb nga universitete t\u00eb ndryshme t\u00eb bot\u00ebs.<\/p>\n<p>&nbsp;<\/p>\n","protected":false},"featured_media":1238,"template":"","meta":[],"product_brand":[],"product_cat":[22],"product_tag":[],"class_list":{"0":"post-1237","1":"product","2":"type-product","3":"status-publish","4":"has-post-thumbnail","6":"product_cat-histori","7":"description-off","9":"first","10":"instock","11":"shipping-taxable","12":"product-type-simple"},"_links":{"self":[{"href":"https:\/\/kad.al\/index.php\/wp-json\/wp\/v2\/product\/1237","targetHints":{"allow":["GET"]}}],"collection":[{"href":"https:\/\/kad.al\/index.php\/wp-json\/wp\/v2\/product"}],"about":[{"href":"https:\/\/kad.al\/index.php\/wp-json\/wp\/v2\/types\/product"}],"wp:featuredmedia":[{"embeddable":true,"href":"https:\/\/kad.al\/index.php\/wp-json\/wp\/v2\/media\/1238"}],"wp:attachment":[{"href":"https:\/\/kad.al\/index.php\/wp-json\/wp\/v2\/media?parent=1237"}],"wp:term":[{"taxonomy":"product_brand","embeddable":true,"href":"https:\/\/kad.al\/index.php\/wp-json\/wp\/v2\/product_brand?post=1237"},{"taxonomy":"product_cat","embeddable":true,"href":"https:\/\/kad.al\/index.php\/wp-json\/wp\/v2\/product_cat?post=1237"},{"taxonomy":"product_tag","embeddable":true,"href":"https:\/\/kad.al\/index.php\/wp-json\/wp\/v2\/product_tag?post=1237"}],"curies":[{"name":"wp","href":"https:\/\/api.w.org\/{rel}","templated":true}]}}