{"id":1233,"date":"2020-08-20T11:56:19","date_gmt":"2020-08-20T11:56:19","guid":{"rendered":"https:\/\/kad.al\/?post_type=product&#038;p=1233"},"modified":"2020-08-20T12:04:10","modified_gmt":"2020-08-20T12:04:10","slug":"zogu-i-shqipes-copy-copy","status":"publish","type":"product","link":"https:\/\/kad.al\/index.php\/product\/zogu-i-shqipes-copy-copy\/","title":{"rendered":""},"content":{"rendered":"","protected":false},"excerpt":{"rendered":"<p><strong>APOLOGJIA E SOKRATIT, KRITONI, FEDONI, SIMPOZIUMI<\/strong><\/p>\n<p><b>Platoni<\/b><\/p>\n<p>ISBN 978-9928-317-38-4<\/p>\n<p>\u00c7mimi 1200 Lek\u00eb \/ 12\u00a0\u20ac<\/p>\n<p>P\u00ebrktheu Laz\u00ebr Radi<\/p>\n<p>Ardhja n\u00eb shqip e Platonit, \u00ebsht\u00eb quajtur misioni m\u00eb i madh shpirt\u00ebror i p\u00ebrkthesit Laz\u00ebr Radi.<\/p>\n","protected":false},"featured_media":1234,"template":"","meta":[],"product_brand":[],"product_cat":[27],"product_tag":[],"class_list":{"0":"post-1233","1":"product","2":"type-product","3":"status-publish","4":"has-post-thumbnail","6":"product_cat-letersia-klasike","7":"description-off","9":"first","10":"instock","11":"shipping-taxable","12":"product-type-simple"},"_links":{"self":[{"href":"https:\/\/kad.al\/index.php\/wp-json\/wp\/v2\/product\/1233","targetHints":{"allow":["GET"]}}],"collection":[{"href":"https:\/\/kad.al\/index.php\/wp-json\/wp\/v2\/product"}],"about":[{"href":"https:\/\/kad.al\/index.php\/wp-json\/wp\/v2\/types\/product"}],"wp:featuredmedia":[{"embeddable":true,"href":"https:\/\/kad.al\/index.php\/wp-json\/wp\/v2\/media\/1234"}],"wp:attachment":[{"href":"https:\/\/kad.al\/index.php\/wp-json\/wp\/v2\/media?parent=1233"}],"wp:term":[{"taxonomy":"product_brand","embeddable":true,"href":"https:\/\/kad.al\/index.php\/wp-json\/wp\/v2\/product_brand?post=1233"},{"taxonomy":"product_cat","embeddable":true,"href":"https:\/\/kad.al\/index.php\/wp-json\/wp\/v2\/product_cat?post=1233"},{"taxonomy":"product_tag","embeddable":true,"href":"https:\/\/kad.al\/index.php\/wp-json\/wp\/v2\/product_tag?post=1233"}],"curies":[{"name":"wp","href":"https:\/\/api.w.org\/{rel}","templated":true}]}}