{"id":1229,"date":"2020-08-20T11:23:42","date_gmt":"2020-08-20T11:23:42","guid":{"rendered":"https:\/\/kad.al\/?post_type=product&#038;p=1229"},"modified":"2025-07-05T08:12:13","modified_gmt":"2025-07-05T08:12:13","slug":"retracing-late-roman-and-early-byzantine-dyrrachium-albania","status":"publish","type":"product","link":"https:\/\/kad.al\/index.php\/product\/retracing-late-roman-and-early-byzantine-dyrrachium-albania\/","title":{"rendered":"RETRACING LATE ROMAN AND EARLY BYZANTINE DYRRACHIUM \u2013 ALBANIA"},"content":{"rendered":"","protected":false},"excerpt":{"rendered":"<p><strong>\u00a0RETRACING LATE ROMAN AND\u00a0EARLY BYZANTINE DYRRACHIUM &#8211; ALBANIA<\/strong><\/p>\n<p><em><strong>Brikena Shkodra Rrugia<\/strong><\/em><\/p>\n<p>ISBN 978-9928-317-21-6<\/p>\n<p>\u00c7mimi 4000 Lek\u00eb<\/p>\n<p>710 Faqe<\/p>\n<p>Libri \u00ebsht\u00eb nj\u00eb studim q\u00eb p\u00ebrq\u00ebndrohet tek periudha e von\u00eb romake dhe ajo e hershme bizantine n\u00eb baz\u00eb t\u00eb g\u00ebrmimeve m\u00eb t\u00eb fundit arkeologjke n\u00eb Durr\u00ebs.<\/p>\n<p>&nbsp;<\/p>\n","protected":false},"featured_media":1230,"template":"","meta":[],"product_brand":[],"product_cat":[21],"product_tag":[],"class_list":{"0":"post-1229","1":"product","2":"type-product","3":"status-publish","4":"has-post-thumbnail","6":"product_cat-studime-shkencore-dhe-monografi","7":"description-off","9":"first","10":"instock","11":"shipping-taxable","12":"product-type-simple"},"_links":{"self":[{"href":"https:\/\/kad.al\/index.php\/wp-json\/wp\/v2\/product\/1229","targetHints":{"allow":["GET"]}}],"collection":[{"href":"https:\/\/kad.al\/index.php\/wp-json\/wp\/v2\/product"}],"about":[{"href":"https:\/\/kad.al\/index.php\/wp-json\/wp\/v2\/types\/product"}],"wp:featuredmedia":[{"embeddable":true,"href":"https:\/\/kad.al\/index.php\/wp-json\/wp\/v2\/media\/1230"}],"wp:attachment":[{"href":"https:\/\/kad.al\/index.php\/wp-json\/wp\/v2\/media?parent=1229"}],"wp:term":[{"taxonomy":"product_brand","embeddable":true,"href":"https:\/\/kad.al\/index.php\/wp-json\/wp\/v2\/product_brand?post=1229"},{"taxonomy":"product_cat","embeddable":true,"href":"https:\/\/kad.al\/index.php\/wp-json\/wp\/v2\/product_cat?post=1229"},{"taxonomy":"product_tag","embeddable":true,"href":"https:\/\/kad.al\/index.php\/wp-json\/wp\/v2\/product_tag?post=1229"}],"curies":[{"name":"wp","href":"https:\/\/api.w.org\/{rel}","templated":true}]}}