{"id":1221,"date":"2020-08-20T10:13:56","date_gmt":"2020-08-20T10:13:56","guid":{"rendered":"https:\/\/kad.al\/?post_type=product&#038;p=1221"},"modified":"2025-07-10T13:49:05","modified_gmt":"2025-07-10T13:49:05","slug":"1221","status":"publish","type":"product","link":"https:\/\/kad.al\/index.php\/product\/1221\/","title":{"rendered":""},"content":{"rendered":"","protected":false},"excerpt":{"rendered":"<p><strong>ARIE T&#8217;KRISUNA<\/strong><\/p>\n<p><strong><em>Desantila Qerimaj<\/em><\/strong><\/p>\n<p>ISBN 978-9928-317-41-4<\/p>\n<p>\u00c7mimi 700 Lek\u00eb<\/p>\n<p>\u201cArie t&#8217;krisuna\u201d, \u00ebsht\u00eb p\u00ebrmbledhja e par\u00eb poetike e autores.<\/p>\n","protected":false},"featured_media":1222,"template":"","meta":[],"product_brand":[],"product_cat":[24],"product_tag":[],"class_list":{"0":"post-1221","1":"product","2":"type-product","3":"status-publish","4":"has-post-thumbnail","6":"product_cat-poezi","7":"description-off","9":"first","10":"instock","11":"shipping-taxable","12":"product-type-simple"},"_links":{"self":[{"href":"https:\/\/kad.al\/index.php\/wp-json\/wp\/v2\/product\/1221","targetHints":{"allow":["GET"]}}],"collection":[{"href":"https:\/\/kad.al\/index.php\/wp-json\/wp\/v2\/product"}],"about":[{"href":"https:\/\/kad.al\/index.php\/wp-json\/wp\/v2\/types\/product"}],"wp:featuredmedia":[{"embeddable":true,"href":"https:\/\/kad.al\/index.php\/wp-json\/wp\/v2\/media\/1222"}],"wp:attachment":[{"href":"https:\/\/kad.al\/index.php\/wp-json\/wp\/v2\/media?parent=1221"}],"wp:term":[{"taxonomy":"product_brand","embeddable":true,"href":"https:\/\/kad.al\/index.php\/wp-json\/wp\/v2\/product_brand?post=1221"},{"taxonomy":"product_cat","embeddable":true,"href":"https:\/\/kad.al\/index.php\/wp-json\/wp\/v2\/product_cat?post=1221"},{"taxonomy":"product_tag","embeddable":true,"href":"https:\/\/kad.al\/index.php\/wp-json\/wp\/v2\/product_tag?post=1221"}],"curies":[{"name":"wp","href":"https:\/\/api.w.org\/{rel}","templated":true}]}}