{"id":1179,"date":"2020-07-31T07:46:35","date_gmt":"2020-07-31T07:46:35","guid":{"rendered":"https:\/\/kad.al\/?post_type=product&#038;p=1179"},"modified":"2020-07-31T07:55:34","modified_gmt":"2020-07-31T07:55:34","slug":"1179","status":"publish","type":"product","link":"https:\/\/kad.al\/index.php\/product\/1179\/","title":{"rendered":""},"content":{"rendered":"","protected":false},"excerpt":{"rendered":"<p><b>S\u00cbMUNDJET, SIMPTOMAT DHE MJEKIMI I TYRE I<\/b><\/p>\n<p><em><strong>Agim Shehu<\/strong><\/em><\/p>\n<p>ISBN 978 &#8211; 9928 &#8211; 241 &#8211; 35 &#8211; 1<\/p>\n<p>\u00c7mimi<\/p>\n<p>V\u00ebllimi i par\u00eb i botimit mbi semundjet nga Agim Shehu. Nj\u00eb lib\u00ebr mjaft praktik p\u00ebr tu njohur me llojet dhe mjekimin e thjesht\u00eb t\u00eb s\u00ebmundjeve.<\/p>\n<p>&nbsp;<\/p>\n","protected":false},"featured_media":1180,"template":"","meta":[],"product_brand":[],"product_cat":[21],"product_tag":[],"class_list":{"0":"post-1179","1":"product","2":"type-product","3":"status-publish","4":"has-post-thumbnail","6":"product_cat-studime-shkencore-dhe-monografi","7":"description-off","9":"first","10":"instock","11":"shipping-taxable","12":"product-type-simple"},"_links":{"self":[{"href":"https:\/\/kad.al\/index.php\/wp-json\/wp\/v2\/product\/1179","targetHints":{"allow":["GET"]}}],"collection":[{"href":"https:\/\/kad.al\/index.php\/wp-json\/wp\/v2\/product"}],"about":[{"href":"https:\/\/kad.al\/index.php\/wp-json\/wp\/v2\/types\/product"}],"wp:featuredmedia":[{"embeddable":true,"href":"https:\/\/kad.al\/index.php\/wp-json\/wp\/v2\/media\/1180"}],"wp:attachment":[{"href":"https:\/\/kad.al\/index.php\/wp-json\/wp\/v2\/media?parent=1179"}],"wp:term":[{"taxonomy":"product_brand","embeddable":true,"href":"https:\/\/kad.al\/index.php\/wp-json\/wp\/v2\/product_brand?post=1179"},{"taxonomy":"product_cat","embeddable":true,"href":"https:\/\/kad.al\/index.php\/wp-json\/wp\/v2\/product_cat?post=1179"},{"taxonomy":"product_tag","embeddable":true,"href":"https:\/\/kad.al\/index.php\/wp-json\/wp\/v2\/product_tag?post=1179"}],"curies":[{"name":"wp","href":"https:\/\/api.w.org\/{rel}","templated":true}]}}