{"id":1167,"date":"2020-07-31T07:07:24","date_gmt":"2020-07-31T07:07:24","guid":{"rendered":"https:\/\/kad.al\/?post_type=product&#038;p=1167"},"modified":"2021-01-29T10:30:40","modified_gmt":"2021-01-29T10:30:40","slug":"1167","status":"publish","type":"product","link":"https:\/\/kad.al\/index.php\/product\/1167\/","title":{"rendered":""},"content":{"rendered":"","protected":false},"excerpt":{"rendered":"<p><strong>FJAL\u00cbT E MJESHTRIT<\/strong><\/p>\n<p><b><i>Khalil Gibran<\/i><\/b><\/p>\n<p>&nbsp;<\/p>\n<p>&nbsp;<\/p>\n<p>Ky \u00ebsht\u00eb nj\u00eb nga librat e poetit dhe piktorit t\u00eb njohur libanez Khalil Gibran.<\/p>\n","protected":false},"featured_media":1166,"template":"","meta":[],"product_brand":[],"product_cat":[23],"product_tag":[],"class_list":{"0":"post-1167","1":"product","2":"type-product","3":"status-publish","4":"has-post-thumbnail","6":"product_cat-romane-tregime-novela","7":"description-off","9":"first","10":"instock","11":"shipping-taxable","12":"product-type-simple"},"_links":{"self":[{"href":"https:\/\/kad.al\/index.php\/wp-json\/wp\/v2\/product\/1167","targetHints":{"allow":["GET"]}}],"collection":[{"href":"https:\/\/kad.al\/index.php\/wp-json\/wp\/v2\/product"}],"about":[{"href":"https:\/\/kad.al\/index.php\/wp-json\/wp\/v2\/types\/product"}],"wp:featuredmedia":[{"embeddable":true,"href":"https:\/\/kad.al\/index.php\/wp-json\/wp\/v2\/media\/1166"}],"wp:attachment":[{"href":"https:\/\/kad.al\/index.php\/wp-json\/wp\/v2\/media?parent=1167"}],"wp:term":[{"taxonomy":"product_brand","embeddable":true,"href":"https:\/\/kad.al\/index.php\/wp-json\/wp\/v2\/product_brand?post=1167"},{"taxonomy":"product_cat","embeddable":true,"href":"https:\/\/kad.al\/index.php\/wp-json\/wp\/v2\/product_cat?post=1167"},{"taxonomy":"product_tag","embeddable":true,"href":"https:\/\/kad.al\/index.php\/wp-json\/wp\/v2\/product_tag?post=1167"}],"curies":[{"name":"wp","href":"https:\/\/api.w.org\/{rel}","templated":true}]}}