{"id":1154,"date":"2020-07-30T13:14:41","date_gmt":"2020-07-30T13:14:41","guid":{"rendered":"https:\/\/kad.al\/?post_type=product&#038;p=1154"},"modified":"2025-07-07T12:21:44","modified_gmt":"2025-07-07T12:21:44","slug":"1154","status":"publish","type":"product","link":"https:\/\/kad.al\/index.php\/product\/1154\/","title":{"rendered":""},"content":{"rendered":"","protected":false},"excerpt":{"rendered":"<p><strong>GJYGJI I SHOPENHAUERIT<\/strong><\/p>\n<p><b><i>Dine Dine &amp; Adriana Dine<\/i><\/b><\/p>\n<p>ISBN 978-9928-280-94-7<\/p>\n<p>\u00c7mimi 1000 Lek\u00eb<\/p>\n<p>Me k\u00ebt\u00eb lib\u00ebr, ata p\u00ebrpiqen ta b\u00ebjn\u00eb m\u00eb t\u00eb plot\u00eb jo thjesht dram\u00ebn e tyre, po edhe shum\u00eb t\u00eb tjer\u00ebve, si ata.<\/p>\n<p>&nbsp;<\/p>\n","protected":false},"featured_media":1155,"template":"","meta":[],"product_brand":[],"product_cat":[23],"product_tag":[],"class_list":{"0":"post-1154","1":"product","2":"type-product","3":"status-publish","4":"has-post-thumbnail","6":"product_cat-romane-tregime-novela","7":"description-off","9":"first","10":"instock","11":"shipping-taxable","12":"product-type-simple"},"_links":{"self":[{"href":"https:\/\/kad.al\/index.php\/wp-json\/wp\/v2\/product\/1154","targetHints":{"allow":["GET"]}}],"collection":[{"href":"https:\/\/kad.al\/index.php\/wp-json\/wp\/v2\/product"}],"about":[{"href":"https:\/\/kad.al\/index.php\/wp-json\/wp\/v2\/types\/product"}],"wp:featuredmedia":[{"embeddable":true,"href":"https:\/\/kad.al\/index.php\/wp-json\/wp\/v2\/media\/1155"}],"wp:attachment":[{"href":"https:\/\/kad.al\/index.php\/wp-json\/wp\/v2\/media?parent=1154"}],"wp:term":[{"taxonomy":"product_brand","embeddable":true,"href":"https:\/\/kad.al\/index.php\/wp-json\/wp\/v2\/product_brand?post=1154"},{"taxonomy":"product_cat","embeddable":true,"href":"https:\/\/kad.al\/index.php\/wp-json\/wp\/v2\/product_cat?post=1154"},{"taxonomy":"product_tag","embeddable":true,"href":"https:\/\/kad.al\/index.php\/wp-json\/wp\/v2\/product_tag?post=1154"}],"curies":[{"name":"wp","href":"https:\/\/api.w.org\/{rel}","templated":true}]}}