{"id":1139,"date":"2020-07-30T11:04:41","date_gmt":"2020-07-30T11:04:41","guid":{"rendered":"https:\/\/kad.al\/?post_type=product&#038;p=1139"},"modified":"2025-07-05T08:34:55","modified_gmt":"2025-07-05T08:34:55","slug":"1139","status":"publish","type":"product","link":"https:\/\/kad.al\/index.php\/product\/1139\/","title":{"rendered":"ATLANTIDA, PERANDORIA E ATLANT\u00cbVE DHE SHQIPTAR\u00cbT"},"content":{"rendered":"","protected":false},"excerpt":{"rendered":"<p><strong>ATLANTIDA, PERANDORIA E ATLANT\u00cbVE DHE SHQIPTAR\u00cbT<\/strong><\/p>\n<p><em><strong>Kapiten P\u00ebrparim Zaimi<\/strong><\/em><\/p>\n<p>ISBN 978-9928-416-41-9<\/p>\n<p>\u00c7mimi 1200 Lek\u00eb<\/p>\n<p>Kapiten P\u00ebrparim Zaimi jep mendimet e tij p\u00ebr nj\u00eb nga temat m\u00eb interesante t\u00eb studiuesve, ajo e Atlandid\u00ebs.<\/p>\n","protected":false},"featured_media":1140,"template":"","meta":[],"product_brand":[],"product_cat":[21],"product_tag":[],"class_list":{"0":"post-1139","1":"product","2":"type-product","3":"status-publish","4":"has-post-thumbnail","6":"product_cat-studime-shkencore-dhe-monografi","7":"description-off","9":"first","10":"instock","11":"shipping-taxable","12":"product-type-simple"},"_links":{"self":[{"href":"https:\/\/kad.al\/index.php\/wp-json\/wp\/v2\/product\/1139","targetHints":{"allow":["GET"]}}],"collection":[{"href":"https:\/\/kad.al\/index.php\/wp-json\/wp\/v2\/product"}],"about":[{"href":"https:\/\/kad.al\/index.php\/wp-json\/wp\/v2\/types\/product"}],"wp:featuredmedia":[{"embeddable":true,"href":"https:\/\/kad.al\/index.php\/wp-json\/wp\/v2\/media\/1140"}],"wp:attachment":[{"href":"https:\/\/kad.al\/index.php\/wp-json\/wp\/v2\/media?parent=1139"}],"wp:term":[{"taxonomy":"product_brand","embeddable":true,"href":"https:\/\/kad.al\/index.php\/wp-json\/wp\/v2\/product_brand?post=1139"},{"taxonomy":"product_cat","embeddable":true,"href":"https:\/\/kad.al\/index.php\/wp-json\/wp\/v2\/product_cat?post=1139"},{"taxonomy":"product_tag","embeddable":true,"href":"https:\/\/kad.al\/index.php\/wp-json\/wp\/v2\/product_tag?post=1139"}],"curies":[{"name":"wp","href":"https:\/\/api.w.org\/{rel}","templated":true}]}}