{"id":1129,"date":"2020-07-30T10:00:22","date_gmt":"2020-07-30T10:00:22","guid":{"rendered":"https:\/\/kad.al\/?post_type=product&#038;p=1129"},"modified":"2025-07-10T13:48:10","modified_gmt":"2025-07-10T13:48:10","slug":"1129","status":"publish","type":"product","link":"https:\/\/kad.al\/index.php\/product\/1129\/","title":{"rendered":""},"content":{"rendered":"","protected":false},"excerpt":{"rendered":"<p><strong>P\u00cbSHP\u00cbRIM\u00cb<\/strong><\/p>\n<p><b><i>Agim Bajrami<\/i><\/b><\/p>\n<p>ISBN 978-9928-241-96-2<\/p>\n<p>\u00c7mimi 600 Lek\u00eb<\/p>\n<p>Faqe 132<\/p>\n<p>Poezi nga poeti Agim Bajrami<\/p>\n<p>&nbsp;<\/p>\n","protected":false},"featured_media":1130,"template":"","meta":[],"product_brand":[],"product_cat":[24],"product_tag":[],"class_list":{"0":"post-1129","1":"product","2":"type-product","3":"status-publish","4":"has-post-thumbnail","6":"product_cat-poezi","7":"description-off","9":"first","10":"instock","11":"shipping-taxable","12":"product-type-simple"},"_links":{"self":[{"href":"https:\/\/kad.al\/index.php\/wp-json\/wp\/v2\/product\/1129","targetHints":{"allow":["GET"]}}],"collection":[{"href":"https:\/\/kad.al\/index.php\/wp-json\/wp\/v2\/product"}],"about":[{"href":"https:\/\/kad.al\/index.php\/wp-json\/wp\/v2\/types\/product"}],"wp:featuredmedia":[{"embeddable":true,"href":"https:\/\/kad.al\/index.php\/wp-json\/wp\/v2\/media\/1130"}],"wp:attachment":[{"href":"https:\/\/kad.al\/index.php\/wp-json\/wp\/v2\/media?parent=1129"}],"wp:term":[{"taxonomy":"product_brand","embeddable":true,"href":"https:\/\/kad.al\/index.php\/wp-json\/wp\/v2\/product_brand?post=1129"},{"taxonomy":"product_cat","embeddable":true,"href":"https:\/\/kad.al\/index.php\/wp-json\/wp\/v2\/product_cat?post=1129"},{"taxonomy":"product_tag","embeddable":true,"href":"https:\/\/kad.al\/index.php\/wp-json\/wp\/v2\/product_tag?post=1129"}],"curies":[{"name":"wp","href":"https:\/\/api.w.org\/{rel}","templated":true}]}}