{"id":1117,"date":"2020-07-18T12:27:40","date_gmt":"2020-07-18T12:27:40","guid":{"rendered":"https:\/\/kad.al\/?post_type=product&#038;p=1117"},"modified":"2025-07-10T13:47:23","modified_gmt":"2025-07-10T13:47:23","slug":"1117","status":"publish","type":"product","link":"https:\/\/kad.al\/index.php\/product\/1117\/","title":{"rendered":""},"content":{"rendered":"","protected":false},"excerpt":{"rendered":"<p><strong>POETIKA<\/strong><\/p>\n<p><b><i>Laz\u00ebr Radi<\/i><\/b><\/p>\n<p>ISBN 978-9928-280-91-6<\/p>\n<p>\u00c7mimi 1200 Lek\u00eb<\/p>\n<p>Ky lib\u00ebr p\u00ebrmban vepr\u00ebn poetike t\u00eb Laz\u00ebr Radit.<\/p>\n<p>&nbsp;<\/p>\n","protected":false},"featured_media":1118,"template":"","meta":[],"product_brand":[],"product_cat":[24],"product_tag":[],"class_list":{"0":"post-1117","1":"product","2":"type-product","3":"status-publish","4":"has-post-thumbnail","6":"product_cat-poezi","7":"description-off","9":"first","10":"instock","11":"shipping-taxable","12":"product-type-simple"},"_links":{"self":[{"href":"https:\/\/kad.al\/index.php\/wp-json\/wp\/v2\/product\/1117","targetHints":{"allow":["GET"]}}],"collection":[{"href":"https:\/\/kad.al\/index.php\/wp-json\/wp\/v2\/product"}],"about":[{"href":"https:\/\/kad.al\/index.php\/wp-json\/wp\/v2\/types\/product"}],"wp:featuredmedia":[{"embeddable":true,"href":"https:\/\/kad.al\/index.php\/wp-json\/wp\/v2\/media\/1118"}],"wp:attachment":[{"href":"https:\/\/kad.al\/index.php\/wp-json\/wp\/v2\/media?parent=1117"}],"wp:term":[{"taxonomy":"product_brand","embeddable":true,"href":"https:\/\/kad.al\/index.php\/wp-json\/wp\/v2\/product_brand?post=1117"},{"taxonomy":"product_cat","embeddable":true,"href":"https:\/\/kad.al\/index.php\/wp-json\/wp\/v2\/product_cat?post=1117"},{"taxonomy":"product_tag","embeddable":true,"href":"https:\/\/kad.al\/index.php\/wp-json\/wp\/v2\/product_tag?post=1117"}],"curies":[{"name":"wp","href":"https:\/\/api.w.org\/{rel}","templated":true}]}}