{"id":1106,"date":"2020-07-18T11:39:31","date_gmt":"2020-07-18T11:39:31","guid":{"rendered":"https:\/\/kad.al\/?post_type=product&#038;p=1106"},"modified":"2025-07-05T08:24:48","modified_gmt":"2025-07-05T08:24:48","slug":"1106","status":"publish","type":"product","link":"https:\/\/kad.al\/index.php\/product\/1106\/","title":{"rendered":"AGRESIONI IDEOLOGJIK E POLITIK KOMUNIST N\u00cb SHQIP\u00cbRI"},"content":{"rendered":"","protected":false},"excerpt":{"rendered":"<p><strong>AGRESIONI IDEOLOGJIK E POLITIK KOMUNIST N\u00cb SHQIP\u00cbRI <\/strong><\/p>\n<p><em><strong>Riza Hoxha<\/strong><\/em><\/p>\n<p>ISBN 978 -9928-280-57-2<\/p>\n<p>\u00c7mimi 800 Lek\u00eb<\/p>\n<p>226 Faqe<\/p>\n<p>Nj\u00eb lib\u00ebr q\u00eb flet p\u00ebr lindjen e komunizmit n\u00eb Shqip\u00ebri dhe influenc\u00ebn jugosllave.<\/p>\n","protected":false},"featured_media":1107,"template":"","meta":[],"product_brand":[],"product_cat":[21],"product_tag":[],"class_list":{"0":"post-1106","1":"product","2":"type-product","3":"status-publish","4":"has-post-thumbnail","6":"product_cat-studime-shkencore-dhe-monografi","7":"description-off","9":"first","10":"instock","11":"shipping-taxable","12":"product-type-simple"},"_links":{"self":[{"href":"https:\/\/kad.al\/index.php\/wp-json\/wp\/v2\/product\/1106","targetHints":{"allow":["GET"]}}],"collection":[{"href":"https:\/\/kad.al\/index.php\/wp-json\/wp\/v2\/product"}],"about":[{"href":"https:\/\/kad.al\/index.php\/wp-json\/wp\/v2\/types\/product"}],"wp:featuredmedia":[{"embeddable":true,"href":"https:\/\/kad.al\/index.php\/wp-json\/wp\/v2\/media\/1107"}],"wp:attachment":[{"href":"https:\/\/kad.al\/index.php\/wp-json\/wp\/v2\/media?parent=1106"}],"wp:term":[{"taxonomy":"product_brand","embeddable":true,"href":"https:\/\/kad.al\/index.php\/wp-json\/wp\/v2\/product_brand?post=1106"},{"taxonomy":"product_cat","embeddable":true,"href":"https:\/\/kad.al\/index.php\/wp-json\/wp\/v2\/product_cat?post=1106"},{"taxonomy":"product_tag","embeddable":true,"href":"https:\/\/kad.al\/index.php\/wp-json\/wp\/v2\/product_tag?post=1106"}],"curies":[{"name":"wp","href":"https:\/\/api.w.org\/{rel}","templated":true}]}}