{"id":1105,"date":"2020-07-18T11:29:50","date_gmt":"2020-07-18T11:29:50","guid":{"rendered":"https:\/\/kad.al\/?post_type=product&#038;p=1105"},"modified":"2025-07-05T09:41:29","modified_gmt":"2025-07-05T09:41:29","slug":"1105","status":"publish","type":"product","link":"https:\/\/kad.al\/index.php\/product\/1105\/","title":{"rendered":"SHQIPJA STANDARDE"},"content":{"rendered":"","protected":false},"excerpt":{"rendered":"<div class=\"woocommerce-product-details__short-description\">\n<p><strong>SHQIPJA STANDARDE<\/strong><\/p>\n<p><em><strong>Manola Ka\u00e7i Myrta<\/strong><\/em><\/p>\n<p>ISBN 978-9928-280-56-5<\/p>\n<p>\u00c7mimi 2000 Lek\u00eb<\/p>\n<p>Nga d\u00ebshmit\u00eb e para t\u00eb shkrimit, n\u00eb krijimin e variantit standard t\u00eb gjuh\u00ebs shqipe<\/p>\n<\/div>\n","protected":false},"featured_media":1103,"template":"","meta":[],"product_brand":[],"product_cat":[21],"product_tag":[],"class_list":{"0":"post-1105","1":"product","2":"type-product","3":"status-publish","4":"has-post-thumbnail","6":"product_cat-studime-shkencore-dhe-monografi","7":"description-off","9":"first","10":"instock","11":"shipping-taxable","12":"product-type-simple"},"_links":{"self":[{"href":"https:\/\/kad.al\/index.php\/wp-json\/wp\/v2\/product\/1105","targetHints":{"allow":["GET"]}}],"collection":[{"href":"https:\/\/kad.al\/index.php\/wp-json\/wp\/v2\/product"}],"about":[{"href":"https:\/\/kad.al\/index.php\/wp-json\/wp\/v2\/types\/product"}],"wp:featuredmedia":[{"embeddable":true,"href":"https:\/\/kad.al\/index.php\/wp-json\/wp\/v2\/media\/1103"}],"wp:attachment":[{"href":"https:\/\/kad.al\/index.php\/wp-json\/wp\/v2\/media?parent=1105"}],"wp:term":[{"taxonomy":"product_brand","embeddable":true,"href":"https:\/\/kad.al\/index.php\/wp-json\/wp\/v2\/product_brand?post=1105"},{"taxonomy":"product_cat","embeddable":true,"href":"https:\/\/kad.al\/index.php\/wp-json\/wp\/v2\/product_cat?post=1105"},{"taxonomy":"product_tag","embeddable":true,"href":"https:\/\/kad.al\/index.php\/wp-json\/wp\/v2\/product_tag?post=1105"}],"curies":[{"name":"wp","href":"https:\/\/api.w.org\/{rel}","templated":true}]}}