{"id":1096,"date":"2020-07-18T10:54:51","date_gmt":"2020-07-18T10:54:51","guid":{"rendered":"https:\/\/kad.al\/?post_type=product&#038;p=1096"},"modified":"2021-03-30T08:35:49","modified_gmt":"2021-03-30T08:35:49","slug":"1096","status":"publish","type":"product","link":"https:\/\/kad.al\/index.php\/product\/1096\/","title":{"rendered":""},"content":{"rendered":"","protected":false},"excerpt":{"rendered":"<p><strong>T\u00cb V\u00cbRTETAT E SHFYTYRUARA DUHET T\u00cb DALIN N\u00cb SHESH<\/strong><\/p>\n<p><em><strong>M\u00ebrgim Kor\u00e7a<\/strong><\/em><\/p>\n<p>ISBN 978 -9928 &#8211; 280 &#8211; 40-4<\/p>\n<p>\u00c7mimi 1200 Lek\u00eb \/ 10 \u20ac<\/p>\n<p>Faqe 314<\/p>\n<p>Ky botim p\u00ebrmban nj\u00eb\u00a0p\u00ebrmbledhje shkrimesh historiografike.<\/p>\n","protected":false},"featured_media":1097,"template":"","meta":[],"product_brand":[],"product_cat":[26],"product_tag":[],"class_list":{"0":"post-1096","1":"product","2":"type-product","3":"status-publish","4":"has-post-thumbnail","6":"product_cat-fjalore-albume","7":"description-off","9":"first","10":"instock","11":"shipping-taxable","12":"product-type-simple"},"_links":{"self":[{"href":"https:\/\/kad.al\/index.php\/wp-json\/wp\/v2\/product\/1096","targetHints":{"allow":["GET"]}}],"collection":[{"href":"https:\/\/kad.al\/index.php\/wp-json\/wp\/v2\/product"}],"about":[{"href":"https:\/\/kad.al\/index.php\/wp-json\/wp\/v2\/types\/product"}],"wp:featuredmedia":[{"embeddable":true,"href":"https:\/\/kad.al\/index.php\/wp-json\/wp\/v2\/media\/1097"}],"wp:attachment":[{"href":"https:\/\/kad.al\/index.php\/wp-json\/wp\/v2\/media?parent=1096"}],"wp:term":[{"taxonomy":"product_brand","embeddable":true,"href":"https:\/\/kad.al\/index.php\/wp-json\/wp\/v2\/product_brand?post=1096"},{"taxonomy":"product_cat","embeddable":true,"href":"https:\/\/kad.al\/index.php\/wp-json\/wp\/v2\/product_cat?post=1096"},{"taxonomy":"product_tag","embeddable":true,"href":"https:\/\/kad.al\/index.php\/wp-json\/wp\/v2\/product_tag?post=1096"}],"curies":[{"name":"wp","href":"https:\/\/api.w.org\/{rel}","templated":true}]}}