{"id":1084,"date":"2020-07-18T10:15:56","date_gmt":"2020-07-18T10:15:56","guid":{"rendered":"https:\/\/kad.al\/?post_type=product&#038;p=1084"},"modified":"2025-07-07T12:18:51","modified_gmt":"2025-07-07T12:18:51","slug":"1084","status":"publish","type":"product","link":"https:\/\/kad.al\/index.php\/product\/1084\/","title":{"rendered":""},"content":{"rendered":"","protected":false},"excerpt":{"rendered":"<p><strong>NAT\u00cb DERI N\u00cb NJ\u00cb M\u00cbNGJES<\/strong><\/p>\n<p><b><i>Nazmi Roli<\/i><\/b><\/p>\n<p>ISBN 978-9928-280-34-3<\/p>\n<p>\u00c7mimi 1000 Lek\u00eb<\/p>\n<p>Roman nga autori Nazmi Roli<\/p>\n<p>&nbsp;<\/p>\n","protected":false},"featured_media":1087,"template":"","meta":[],"product_brand":[],"product_cat":[23],"product_tag":[],"class_list":{"0":"post-1084","1":"product","2":"type-product","3":"status-publish","4":"has-post-thumbnail","6":"product_cat-romane-tregime-novela","7":"description-off","9":"first","10":"instock","11":"shipping-taxable","12":"product-type-simple"},"_links":{"self":[{"href":"https:\/\/kad.al\/index.php\/wp-json\/wp\/v2\/product\/1084","targetHints":{"allow":["GET"]}}],"collection":[{"href":"https:\/\/kad.al\/index.php\/wp-json\/wp\/v2\/product"}],"about":[{"href":"https:\/\/kad.al\/index.php\/wp-json\/wp\/v2\/types\/product"}],"wp:featuredmedia":[{"embeddable":true,"href":"https:\/\/kad.al\/index.php\/wp-json\/wp\/v2\/media\/1087"}],"wp:attachment":[{"href":"https:\/\/kad.al\/index.php\/wp-json\/wp\/v2\/media?parent=1084"}],"wp:term":[{"taxonomy":"product_brand","embeddable":true,"href":"https:\/\/kad.al\/index.php\/wp-json\/wp\/v2\/product_brand?post=1084"},{"taxonomy":"product_cat","embeddable":true,"href":"https:\/\/kad.al\/index.php\/wp-json\/wp\/v2\/product_cat?post=1084"},{"taxonomy":"product_tag","embeddable":true,"href":"https:\/\/kad.al\/index.php\/wp-json\/wp\/v2\/product_tag?post=1084"}],"curies":[{"name":"wp","href":"https:\/\/api.w.org\/{rel}","templated":true}]}}